{"id":21298,"date":"2022-03-30T10:48:01","date_gmt":"2022-03-30T10:48:01","guid":{"rendered":"https:\/\/proinedit.com\/?page_id=21298"},"modified":"2022-04-17T20:07:03","modified_gmt":"2022-04-17T20:07:03","slug":"cereals","status":"publish","type":"page","link":"https:\/\/proinedit.com\/en\/cereals\/","title":{"rendered":"Cereals"},"content":{"rendered":"\t\t<div data-elementor-type=\"wp-page\" data-elementor-id=\"21298\" class=\"elementor elementor-21298 elementor-19414\">\n\t\t\t\t\t\t<section class=\"elementor-section elementor-top-section elementor-element elementor-element-0492f63 elementor-section-boxed elementor-section-height-default elementor-section-height-default\" data-id=\"0492f63\" data-element_type=\"section\">\n\t\t\t\t\t\t<div class=\"elementor-container elementor-column-gap-default\">\n\t\t\t\t\t<div class=\"elementor-column elementor-col-100 elementor-top-column elementor-element elementor-element-d7d4502\" data-id=\"d7d4502\" data-element_type=\"column\">\n\t\t\t<div class=\"elementor-widget-wrap elementor-element-populated\">\n\t\t\t\t\t\t<div class=\"elementor-element elementor-element-0253cfa elementor-widget elementor-widget-text-editor\" data-id=\"0253cfa\" data-element_type=\"widget\" data-widget_type=\"text-editor.default\">\n\t\t\t\t<div class=\"elementor-widget-container\">\n\t\t\t<style>\/*! elementor - v3.22.0 - 17-06-2024 *\/\n.elementor-widget-text-editor.elementor-drop-cap-view-stacked .elementor-drop-cap{background-color:#69727d;color:#fff}.elementor-widget-text-editor.elementor-drop-cap-view-framed .elementor-drop-cap{color:#69727d;border:3px solid;background-color:transparent}.elementor-widget-text-editor:not(.elementor-drop-cap-view-default) .elementor-drop-cap{margin-top:8px}.elementor-widget-text-editor:not(.elementor-drop-cap-view-default) .elementor-drop-cap-letter{width:1em;height:1em}.elementor-widget-text-editor .elementor-drop-cap{float:left;text-align:center;line-height:1;font-size:50px}.elementor-widget-text-editor .elementor-drop-cap-letter{display:inline-block}<\/style>\t\t\t\t<h6>Our company sells products in several countries. We can offer wheat, barley and corn from Russia, Kazakhstan, Ukraine and Moldova, with export to any point of the world. Depending on the destination we deliver via truck, vassel and train.<\/h6>\t\t\t\t\t\t<\/div>\n\t\t\t\t<\/div>\n\t\t\t\t\t<\/div>\n\t\t<\/div>\n\t\t\t\t\t<\/div>\n\t\t<\/section>\n\t\t\t\t<section class=\"elementor-section elementor-top-section elementor-element elementor-element-bab150e elementor-section-boxed elementor-section-height-default elementor-section-height-default\" data-id=\"bab150e\" data-element_type=\"section\">\n\t\t\t\t\t\t<div class=\"elementor-container elementor-column-gap-extended\">\n\t\t\t\t\t<div class=\"elementor-column elementor-col-33 elementor-top-column elementor-element elementor-element-a156342\" data-id=\"a156342\" data-element_type=\"column\">\n\t\t\t<div class=\"elementor-widget-wrap elementor-element-populated\">\n\t\t\t\t\t\t<div class=\"elementor-element elementor-element-9f71353 elementor-image-alignment-mobile-left elementor-position-top elementor-widget elementor-widget-image-box\" data-id=\"9f71353\" data-element_type=\"widget\" data-widget_type=\"image-box.default\">\n\t\t\t\t<div class=\"elementor-widget-container\">\n\t\t\t<style>.elementor-widget-image-box .elementor-image-box-content{width:100%}@media (min-width:768px){.elementor-widget-image-box.elementor-position-left .elementor-image-box-wrapper,.elementor-widget-image-box.elementor-position-right .elementor-image-box-wrapper{display:flex}.elementor-widget-image-box.elementor-position-right .elementor-image-box-wrapper{text-align:end;flex-direction:row-reverse}.elementor-widget-image-box.elementor-position-left .elementor-image-box-wrapper{text-align:start;flex-direction:row}.elementor-widget-image-box.elementor-position-top .elementor-image-box-img{margin:auto}.elementor-widget-image-box.elementor-vertical-align-top .elementor-image-box-wrapper{align-items:flex-start}.elementor-widget-image-box.elementor-vertical-align-middle .elementor-image-box-wrapper{align-items:center}.elementor-widget-image-box.elementor-vertical-align-bottom .elementor-image-box-wrapper{align-items:flex-end}}@media (max-width:767px){.elementor-widget-image-box .elementor-image-box-img{margin-left:auto!important;margin-right:auto!important;margin-bottom:15px}}.elementor-widget-image-box .elementor-image-box-img{display:inline-block}.elementor-widget-image-box .elementor-image-box-title a{color:inherit}.elementor-widget-image-box .elementor-image-box-wrapper{text-align:center}.elementor-widget-image-box .elementor-image-box-description{margin:0}<\/style><div class=\"elementor-image-box-wrapper\"><figure class=\"elementor-image-box-img\"><img fetchpriority=\"high\" decoding=\"async\" width=\"600\" height=\"470\" src=\"https:\/\/proinedit.com\/wp-content\/uploads\/2022\/03\/griu-600x470.jpg\" class=\"attachment-agrarium_post_grid_3_columns size-agrarium_post_grid_3_columns wp-image-19417\" alt=\"\" \/><\/figure><div class=\"elementor-image-box-content\"><h5 class=\"elementor-image-box-title\">Wheat<\/h5><\/div><\/div>\t\t<\/div>\n\t\t\t\t<\/div>\n\t\t\t\t\t<\/div>\n\t\t<\/div>\n\t\t\t\t<div class=\"elementor-column elementor-col-33 elementor-top-column elementor-element elementor-element-e1268e3\" data-id=\"e1268e3\" data-element_type=\"column\">\n\t\t\t<div class=\"elementor-widget-wrap elementor-element-populated\">\n\t\t\t\t\t\t<div class=\"elementor-element elementor-element-82c5e24 elementor-image-alignment-mobile-left elementor-position-top elementor-widget elementor-widget-image-box\" data-id=\"82c5e24\" data-element_type=\"widget\" data-widget_type=\"image-box.default\">\n\t\t\t\t<div class=\"elementor-widget-container\">\n\t\t\t<div class=\"elementor-image-box-wrapper\"><figure class=\"elementor-image-box-img\"><img decoding=\"async\" width=\"600\" height=\"470\" src=\"https:\/\/proinedit.com\/wp-content\/uploads\/2022\/03\/orz-600x470.jpg\" class=\"attachment-agrarium_post_grid_3_columns size-agrarium_post_grid_3_columns wp-image-19418\" alt=\"\" \/><\/figure><div class=\"elementor-image-box-content\"><h5 class=\"elementor-image-box-title\">Barley<\/h5><\/div><\/div>\t\t<\/div>\n\t\t\t\t<\/div>\n\t\t\t\t\t<\/div>\n\t\t<\/div>\n\t\t\t\t<div class=\"elementor-column elementor-col-33 elementor-top-column elementor-element elementor-element-5af074a\" data-id=\"5af074a\" data-element_type=\"column\">\n\t\t\t<div class=\"elementor-widget-wrap elementor-element-populated\">\n\t\t\t\t\t\t<div class=\"elementor-element elementor-element-c5c724a elementor-image-alignment-mobile-left elementor-position-top elementor-widget elementor-widget-image-box\" data-id=\"c5c724a\" data-element_type=\"widget\" data-widget_type=\"image-box.default\">\n\t\t\t\t<div class=\"elementor-widget-container\">\n\t\t\t<div class=\"elementor-image-box-wrapper\"><figure class=\"elementor-image-box-img\"><img decoding=\"async\" width=\"600\" height=\"470\" src=\"https:\/\/proinedit.com\/wp-content\/uploads\/2022\/03\/porumb.jpg\" class=\"attachment-agrarium_post_grid_3_columns size-agrarium_post_grid_3_columns wp-image-19463\" alt=\"\" srcset=\"https:\/\/proinedit.com\/wp-content\/uploads\/2022\/03\/porumb.jpg 600w, https:\/\/proinedit.com\/wp-content\/uploads\/2022\/03\/porumb-300x235.jpg 300w\" sizes=\"(max-width: 600px) 100vw, 600px\" \/><\/figure><div class=\"elementor-image-box-content\"><h5 class=\"elementor-image-box-title\">Maize<\/h5><\/div><\/div>\t\t<\/div>\n\t\t\t\t<\/div>\n\t\t\t\t\t<\/div>\n\t\t<\/div>\n\t\t\t\t\t<\/div>\n\t\t<\/section>\n\t\t\t\t<section class=\"elementor-section elementor-top-section elementor-element elementor-element-1389521 elementor-section-boxed elementor-section-height-default elementor-section-height-default\" data-id=\"1389521\" data-element_type=\"section\">\n\t\t\t\t\t\t<div class=\"elementor-container elementor-column-gap-default\">\n\t\t\t\t\t<div class=\"elementor-column elementor-col-100 elementor-top-column elementor-element elementor-element-06608b2\" data-id=\"06608b2\" data-element_type=\"column\">\n\t\t\t<div class=\"elementor-widget-wrap elementor-element-populated\">\n\t\t\t\t\t\t<div class=\"elementor-element elementor-element-e517076 elementor-widget elementor-widget-text-editor\" data-id=\"e517076\" data-element_type=\"widget\" data-widget_type=\"text-editor.default\">\n\t\t\t\t<div class=\"elementor-widget-container\">\n\t\t\t\t\t\t\t<table class=\"table-produs\" width=\"100%\"><tbody><tr><td class=\"produs\" width=\"16%\">Product<\/td><td class=\"produs-luna\" width=\"7%\">Jan<\/td><td class=\"produs-luna\" width=\"7%\">Feb<\/td><td class=\"produs-luna\" width=\"7%\">Mar<\/td><td class=\"produs-luna\" width=\"7%\">Apr<\/td><td class=\"produs-luna\" width=\"7%\">May<\/td><td class=\"produs-luna\" width=\"7%\">Jun<\/td><td class=\"produs-luna\" width=\"7%\">Jul<\/td><td class=\"produs-luna\" width=\"7%\">Aug<\/td><td class=\"produs-luna\" width=\"7%\">Sep<\/td><td class=\"produs-luna\" width=\"7%\">Oct<\/td><td class=\"produs-luna\" width=\"7%\">Nov<\/td><td class=\"produs-luna\" width=\"7%\">Dec<\/td><\/tr><tr><td class=\"produs\" width=\"16%\">Wheat<\/td><td class=\"produs-check\" width=\"7%\">\u2713<\/td><td class=\"produs-check\" width=\"7%\">\u2713<\/td><td class=\"produs-check\" width=\"7%\">\u2713<\/td><td class=\"produs-check\" width=\"7%\">\u2713<\/td><td class=\"produs-check\" width=\"7%\">\u2713<\/td><td class=\"produs-check\" width=\"7%\">\u2713<\/td><td class=\"produs-check\" width=\"7%\">\u2713<\/td><td class=\"produs-check\" width=\"7%\">\u2713<\/td><td class=\"produs-check\" width=\"7%\">\u2713<\/td><td class=\"produs-check\" width=\"7%\">\u2713<\/td><td class=\"produs-check\" width=\"7%\">\u2713<\/td><td class=\"produs-check\" width=\"7%\">\u2713<\/td><\/tr><tr><td class=\"produs\" width=\"16%\">Barley<\/td><td class=\"produs-check\" width=\"7%\">\u2713<\/td><td class=\"produs-check\" width=\"7%\">\u2713<\/td><td class=\"produs-check\" width=\"7%\">\u2713<\/td><td class=\"produs-check\" width=\"7%\">\u2713<\/td><td class=\"produs-check\" width=\"7%\">\u2713<\/td><td class=\"produs-check\" width=\"7%\">\u2713<\/td><td class=\"produs-check\" width=\"7%\">\u2713<\/td><td class=\"produs-check\" width=\"7%\">\u2713<\/td><td class=\"produs-check\" width=\"7%\">\u2713<\/td><td class=\"produs-check\" width=\"7%\">\u2713<\/td><td class=\"produs-check\" width=\"7%\">\u2713<\/td><td class=\"produs-check\" width=\"7%\">\u2713<\/td><\/tr><tr><td class=\"produs\" width=\"16%\">Maize<\/td><td class=\"produs-check\" width=\"7%\">\u2713<\/td><td class=\"produs-check\" width=\"7%\">\u2713<\/td><td class=\"produs-check\" width=\"7%\">\u2713<\/td><td class=\"produs-check\" width=\"7%\">\u2713<\/td><td class=\"produs-check\" width=\"7%\">\u2713<\/td><td class=\"produs-check\" width=\"7%\">\u2713<\/td><td class=\"produs-check\" width=\"7%\">\u2713<\/td><td class=\"produs-check\" width=\"7%\">\u2713<\/td><td class=\"produs-check\" width=\"7%\">\u2713<\/td><td class=\"produs-check\" width=\"7%\">\u2713<\/td><td class=\"produs-check\" width=\"7%\">\u2713<\/td><td class=\"produs-check\" width=\"7%\">\u2713<\/td><\/tr><\/tbody><\/table>\t\t\t\t\t\t<\/div>\n\t\t\t\t<\/div>\n\t\t\t\t\t<\/div>\n\t\t<\/div>\n\t\t\t\t\t<\/div>\n\t\t<\/section>\n\t\t\t\t<section class=\"elementor-section elementor-top-section elementor-element elementor-element-b231458 elementor-section-stretched parallax elementor-section-boxed elementor-section-height-default elementor-section-height-default\" data-id=\"b231458\" data-element_type=\"section\" data-settings=\"{&quot;stretch_section&quot;:&quot;section-stretched&quot;,&quot;background_background&quot;:&quot;classic&quot;,&quot;animation&quot;:&quot;none&quot;}\">\n\t\t\t\t\t\t<div class=\"elementor-container elementor-column-gap-default\">\n\t\t\t\t\t<div class=\"elementor-column elementor-col-100 elementor-top-column elementor-element elementor-element-2ef063e\" data-id=\"2ef063e\" data-element_type=\"column\" data-settings=\"{&quot;animation&quot;:&quot;none&quot;}\">\n\t\t\t<div class=\"elementor-widget-wrap elementor-element-populated\">\n\t\t\t\t\t\t<div class=\"elementor-element elementor-element-c341670 elementor-widget elementor-widget-agrarium_heading\" data-id=\"c341670\" data-element_type=\"widget\" data-settings=\"{&quot;_animation&quot;:&quot;none&quot;}\" data-widget_type=\"agrarium_heading.default\">\n\t\t\t\t<div class=\"elementor-widget-container\">\n\t\t\t<div class=\"agrarium-heading-widget\"><h2 class=\"agrarium-heading\"><span class=\"agrarium-subheading\">Feedback<\/span><span class=\"agrarium-heading-content\">What customers say about us<\/span><\/h2><\/div>\t\t<\/div>\n\t\t\t\t<\/div>\n\t\t\t\t<div class=\"elementor-element elementor-element-690b684 elementor-widget elementor-widget-agrarium_testimonial_carousel\" data-id=\"690b684\" data-element_type=\"widget\" data-settings=\"{&quot;_animation&quot;:&quot;none&quot;,&quot;_animation_delay&quot;:100}\" data-widget_type=\"agrarium_testimonial_carousel.default\">\n\t\t\t\t<div class=\"elementor-widget-container\">\n\t\t\t\n        <div class=\"agrarium-testimonial-carousel-widget\">\n            <div class=\"testimonial-carousel-wrapper\">\n\n                <div class=\"testimonials-slider-container\">\n                    <div class=\"testimonials-slider owl-carousel owl-theme\" data-slider-options=\"{&quot;items&quot;:1,&quot;autoplayHoverPause&quot;:true,&quot;autoplay&quot;:false,&quot;autoplaySpeed&quot;:300,&quot;autoplayTimeout&quot;:5000,&quot;loop&quot;:true,&quot;speed&quot;:500,&quot;dotsContainer&quot;:&quot;.owl-dots-690b684&quot;}\">\n                        <div class=\"testimonial-item slider-item\"><div class=\"author-container\"><div class=\"testimonial-photo\"><img decoding=\"async\" src=\"https:\/\/proinedit.com\/wp-content\/uploads\/2022\/03\/ppolo.jpg\" alt=\"\"><\/div><\/div><div class=\"testimonial-wrapper\"><div class=\"testimonial\"><p>We have worked with PRO Inedit Company for 3 years. Tax and customs Framework is similar to the EU one. Throughout our grape export experience, we have not encountered any problems.<\/p><\/div><div class=\"author-info\"><div class=\"author-name\">Emilia Crane<\/div>,&nbsp;<div class=\"author-position\">Polonia<\/div><\/div><\/div><\/div><div class=\"testimonial-item slider-item\"><div class=\"author-container\"><div class=\"testimonial-photo\"><img decoding=\"async\" src=\"https:\/\/proinedit.com\/wp-content\/uploads\/2022\/03\/rom.jpg\" alt=\"\"><\/div><\/div><div class=\"testimonial-wrapper\"><div class=\"testimonial\"><p>Colabor\u0103m cu compania Pro Inedit de 5 ani, \u00eentotdeauna am r\u0103mas pl\u0103cut surprins de calitatea merelor \u0219i pre\u021bul bun. Putem recomanda cu \u00eencredere!<\/p><\/div><div class=\"author-info\"><div class=\"author-name\">Ion Stanciu<\/div>,&nbsp;<div class=\"author-position\">Rom\u00e2nia<\/div><\/div><\/div><\/div><div class=\"testimonial-item slider-item\"><div class=\"author-container\"><div class=\"testimonial-photo\"><img decoding=\"async\" src=\"https:\/\/proinedit.com\/wp-content\/uploads\/2022\/03\/IMG_2712.jpg\" alt=\"\"><\/div><\/div><div class=\"testimonial-wrapper\"><div class=\"testimonial\"><p>\u041f\u043e\u043a\u0443\u043f\u0430\u0435\u043c \u044f\u0431\u043b\u043e\u043a\u0438 \u0443 Pro Inedit SRL \u0441 2014 \u0433\u043e\u0434\u0430. \u041c\u043e\u0433\u0443 \u0441\u043a\u0430\u0437\u0430\u0442\u044c \u0447\u0442\u043e \u0437\u0430 \u043e\u0434\u0438\u043d \u0433\u043e\u0434 \u043e\u043d\u0438 \u0441\u0442\u0430\u043b\u0438 \u0435\u0434\u0438\u043d\u0441\u0442\u0432\u0435\u043d\u043d\u044b\u043c \u043d\u0430\u0448\u0438\u043c \u043f\u043e\u0441\u0442\u0430\u0432\u0449\u0438\u043a\u043e\u043c \u044f\u0431\u043b\u043e\u043a, \u0442\u0430\u043a \u043a\u0430\u043a \u0432\u0441\u0435\u0433\u0434\u0430 \u0432 \u0430\u0441\u0441\u043e\u0440\u0442\u0438\u043c\u0435\u043d\u0442\u0435 \u0435\u0441\u0442\u044c \u043a\u0430\u0447\u0435\u0441\u0442\u0432\u0435\u043d\u043d\u044b\u0439 \u0442\u043e\u0432\u0430\u0440.<\/p><\/div><div class=\"author-info\"><div class=\"author-name\">Ainaguli Akimjzanova<\/div>,&nbsp;<div class=\"author-position\">Kazakhstan<\/div><\/div><\/div><\/div>                    <\/div>\n                <\/div>\n                <div class=\"owl-dots owl-dots-690b684\"><\/div>            <\/div>\n        <\/div>\n\n        \t\t<\/div>\n\t\t\t\t<\/div>\n\t\t\t\t\t<\/div>\n\t\t<\/div>\n\t\t\t\t\t<\/div>\n\t\t<\/section>\n\t\t\t\t<section class=\"elementor-section elementor-top-section elementor-element elementor-element-1e2175e elementor-section-boxed elementor-section-height-default elementor-section-height-default\" data-id=\"1e2175e\" data-element_type=\"section\">\n\t\t\t\t\t\t<div class=\"elementor-container elementor-column-gap-default\">\n\t\t\t\t\t<div class=\"elementor-column elementor-col-100 elementor-top-column elementor-element elementor-element-e432b3a\" data-id=\"e432b3a\" data-element_type=\"column\">\n\t\t\t<div class=\"elementor-widget-wrap elementor-element-populated\">\n\t\t\t\t\t\t<div class=\"elementor-element elementor-element-c98e9bd elementor-widget elementor-widget-agrarium_heading\" data-id=\"c98e9bd\" data-element_type=\"widget\" data-widget_type=\"agrarium_heading.default\">\n\t\t\t\t<div class=\"elementor-widget-container\">\n\t\t\t<div class=\"agrarium-heading-widget\"><h3 class=\"agrarium-heading\"><span class=\"agrarium-subheading\">Partners and customers<\/span><span class=\"agrarium-heading-content\">Who trust us<\/span><\/h3><\/div>\t\t<\/div>\n\t\t\t\t<\/div>\n\t\t\t\t\t<\/div>\n\t\t<\/div>\n\t\t\t\t\t<\/div>\n\t\t<\/section>\n\t\t\t\t<section class=\"elementor-section elementor-top-section elementor-element elementor-element-2870745 elementor-section-boxed elementor-section-height-default elementor-section-height-default\" data-id=\"2870745\" data-element_type=\"section\">\n\t\t\t\t\t\t<div class=\"elementor-container elementor-column-gap-default\">\n\t\t\t\t\t<div class=\"elementor-column elementor-col-100 elementor-top-column elementor-element elementor-element-e5229e2\" data-id=\"e5229e2\" data-element_type=\"column\">\n\t\t\t<div class=\"elementor-widget-wrap elementor-element-populated\">\n\t\t\t\t\t\t<section class=\"elementor-section elementor-inner-section elementor-element elementor-element-e887755 elementor-section-content-middle elementor-section-boxed elementor-section-height-default elementor-section-height-default\" data-id=\"e887755\" data-element_type=\"section\" data-settings=\"{&quot;background_background&quot;:&quot;classic&quot;}\">\n\t\t\t\t\t\t<div class=\"elementor-container elementor-column-gap-default\">\n\t\t\t\t\t<div class=\"elementor-column elementor-col-20 elementor-inner-column elementor-element elementor-element-68675e1\" data-id=\"68675e1\" data-element_type=\"column\">\n\t\t\t<div class=\"elementor-widget-wrap elementor-element-populated\">\n\t\t\t\t\t\t<div class=\"elementor-element elementor-element-f9971d3 scroll-motion-no elementor-widget elementor-widget-image\" data-id=\"f9971d3\" data-element_type=\"widget\" data-widget_type=\"image.default\">\n\t\t\t\t<div class=\"elementor-widget-container\">\n\t\t\t<style>\/*! elementor - v3.22.0 - 17-06-2024 *\/\n.elementor-widget-image{text-align:center}.elementor-widget-image a{display:inline-block}.elementor-widget-image a img[src$=\".svg\"]{width:48px}.elementor-widget-image img{vertical-align:middle;display:inline-block}<\/style>\t\t\t\t\t\t\t\t\t\t<img loading=\"lazy\" decoding=\"async\" width=\"180\" height=\"73\" src=\"https:\/\/proinedit.com\/wp-content\/uploads\/2022\/03\/alquimia.png\" class=\"attachment-full size-full wp-image-19646\" alt=\"\" \/>\t\t\t\t\t\t\t\t\t\t\t\t\t<\/div>\n\t\t\t\t<\/div>\n\t\t\t\t\t<\/div>\n\t\t<\/div>\n\t\t\t\t<div class=\"elementor-column elementor-col-20 elementor-inner-column elementor-element elementor-element-8837e0f\" data-id=\"8837e0f\" data-element_type=\"column\">\n\t\t\t<div class=\"elementor-widget-wrap elementor-element-populated\">\n\t\t\t\t\t\t<div class=\"elementor-element elementor-element-374e36c scroll-motion-no elementor-widget elementor-widget-image\" data-id=\"374e36c\" data-element_type=\"widget\" data-widget_type=\"image.default\">\n\t\t\t\t<div class=\"elementor-widget-container\">\n\t\t\t\t\t\t\t\t\t\t\t\t\t<img loading=\"lazy\" decoding=\"async\" width=\"1024\" height=\"316\" src=\"https:\/\/proinedit.com\/wp-content\/uploads\/2022\/03\/martico.jpg\" class=\"attachment-full size-full wp-image-19647\" alt=\"\" srcset=\"https:\/\/proinedit.com\/wp-content\/uploads\/2022\/03\/martico.jpg 1024w, https:\/\/proinedit.com\/wp-content\/uploads\/2022\/03\/martico-300x93.jpg 300w, https:\/\/proinedit.com\/wp-content\/uploads\/2022\/03\/martico-768x237.jpg 768w\" sizes=\"(max-width: 1024px) 100vw, 1024px\" \/>\t\t\t\t\t\t\t\t\t\t\t\t\t<\/div>\n\t\t\t\t<\/div>\n\t\t\t\t\t<\/div>\n\t\t<\/div>\n\t\t\t\t<div class=\"elementor-column elementor-col-20 elementor-inner-column elementor-element elementor-element-30bc692\" data-id=\"30bc692\" data-element_type=\"column\">\n\t\t\t<div class=\"elementor-widget-wrap elementor-element-populated\">\n\t\t\t\t\t\t<div class=\"elementor-element elementor-element-305b517 scroll-motion-no elementor-widget elementor-widget-image\" data-id=\"305b517\" data-element_type=\"widget\" data-widget_type=\"image.default\">\n\t\t\t\t<div class=\"elementor-widget-container\">\n\t\t\t\t\t\t\t\t\t\t\t\t\t<img loading=\"lazy\" decoding=\"async\" width=\"396\" height=\"125\" src=\"https:\/\/proinedit.com\/wp-content\/uploads\/2022\/03\/metro-logo.jpg\" class=\"attachment-full size-full wp-image-19679\" alt=\"\" srcset=\"https:\/\/proinedit.com\/wp-content\/uploads\/2022\/03\/metro-logo.jpg 396w, https:\/\/proinedit.com\/wp-content\/uploads\/2022\/03\/metro-logo-300x95.jpg 300w\" sizes=\"(max-width: 396px) 100vw, 396px\" \/>\t\t\t\t\t\t\t\t\t\t\t\t\t<\/div>\n\t\t\t\t<\/div>\n\t\t\t\t\t<\/div>\n\t\t<\/div>\n\t\t\t\t<div class=\"elementor-column elementor-col-20 elementor-inner-column elementor-element elementor-element-ec1bb4d\" data-id=\"ec1bb4d\" data-element_type=\"column\">\n\t\t\t<div class=\"elementor-widget-wrap elementor-element-populated\">\n\t\t\t\t\t\t<div class=\"elementor-element elementor-element-8050a0f scroll-motion-no elementor-widget elementor-widget-image\" data-id=\"8050a0f\" data-element_type=\"widget\" data-widget_type=\"image.default\">\n\t\t\t\t<div class=\"elementor-widget-container\">\n\t\t\t\t\t\t\t\t\t\t\t\t\t<img loading=\"lazy\" decoding=\"async\" width=\"280\" height=\"87\" src=\"https:\/\/proinedit.com\/wp-content\/uploads\/2022\/03\/lenta.png\" class=\"attachment-full size-full wp-image-19649\" alt=\"\" \/>\t\t\t\t\t\t\t\t\t\t\t\t\t<\/div>\n\t\t\t\t<\/div>\n\t\t\t\t\t<\/div>\n\t\t<\/div>\n\t\t\t\t<div class=\"elementor-column elementor-col-20 elementor-inner-column elementor-element elementor-element-0045088\" data-id=\"0045088\" data-element_type=\"column\">\n\t\t\t<div class=\"elementor-widget-wrap elementor-element-populated\">\n\t\t\t\t\t\t<div class=\"elementor-element elementor-element-0a63dc4 scroll-motion-no elementor-widget elementor-widget-image\" data-id=\"0a63dc4\" data-element_type=\"widget\" data-widget_type=\"image.default\">\n\t\t\t\t<div class=\"elementor-widget-container\">\n\t\t\t\t\t\t\t\t\t\t\t\t\t<img loading=\"lazy\" decoding=\"async\" width=\"1024\" height=\"193\" src=\"https:\/\/proinedit.com\/wp-content\/uploads\/2022\/03\/magnit.png\" class=\"attachment-full size-full wp-image-19650\" alt=\"\" srcset=\"https:\/\/proinedit.com\/wp-content\/uploads\/2022\/03\/magnit.png 1024w, https:\/\/proinedit.com\/wp-content\/uploads\/2022\/03\/magnit-300x57.png 300w, https:\/\/proinedit.com\/wp-content\/uploads\/2022\/03\/magnit-768x145.png 768w\" sizes=\"(max-width: 1024px) 100vw, 1024px\" \/>\t\t\t\t\t\t\t\t\t\t\t\t\t<\/div>\n\t\t\t\t<\/div>\n\t\t\t\t\t<\/div>\n\t\t<\/div>\n\t\t\t\t\t<\/div>\n\t\t<\/section>\n\t\t\t\t\t<\/div>\n\t\t<\/div>\n\t\t\t\t\t<\/div>\n\t\t<\/section>\n\t\t\t\t<\/div>\n\t\t","protected":false},"excerpt":{"rendered":"<p>Our company sells products in several countries. We can offer wheat, barley and corn from Russia, Kazakhstan, Ukraine and Moldova, with export to any point of the world. Depending on the destination we deliver via truck, vassel and train. Wheat Barley&#8230;<\/p>\n","protected":false},"author":1,"featured_media":0,"parent":0,"menu_order":0,"comment_status":"closed","ping_status":"closed","template":"","meta":{"_monsterinsights_skip_tracking":false,"_monsterinsights_sitenote_active":false,"_monsterinsights_sitenote_note":"","_monsterinsights_sitenote_category":0,"footnotes":""},"class_list":["post-21298","page","type-page","status-publish","hentry"],"aioseo_notices":[],"_links":{"self":[{"href":"https:\/\/proinedit.com\/en\/wp-json\/wp\/v2\/pages\/21298","targetHints":{"allow":["GET"]}}],"collection":[{"href":"https:\/\/proinedit.com\/en\/wp-json\/wp\/v2\/pages"}],"about":[{"href":"https:\/\/proinedit.com\/en\/wp-json\/wp\/v2\/types\/page"}],"author":[{"embeddable":true,"href":"https:\/\/proinedit.com\/en\/wp-json\/wp\/v2\/users\/1"}],"replies":[{"embeddable":true,"href":"https:\/\/proinedit.com\/en\/wp-json\/wp\/v2\/comments?post=21298"}],"version-history":[{"count":15,"href":"https:\/\/proinedit.com\/en\/wp-json\/wp\/v2\/pages\/21298\/revisions"}],"predecessor-version":[{"id":22182,"href":"https:\/\/proinedit.com\/en\/wp-json\/wp\/v2\/pages\/21298\/revisions\/22182"}],"wp:attachment":[{"href":"https:\/\/proinedit.com\/en\/wp-json\/wp\/v2\/media?parent=21298"}],"curies":[{"name":"wp","href":"https:\/\/api.w.org\/{rel}","templated":true}]}}