{"id":21200,"date":"2022-03-28T22:50:14","date_gmt":"2022-03-28T22:50:14","guid":{"rendered":"https:\/\/proinedit.com\/?page_id=21200"},"modified":"2022-04-17T20:10:07","modified_gmt":"2022-04-17T20:10:07","slug":"%d1%84%d1%80%d1%83%d0%ba%d1%82%d1%8b","status":"publish","type":"page","link":"https:\/\/proinedit.com\/ru\/%d1%84%d1%80%d1%83%d0%ba%d1%82%d1%8b\/","title":{"rendered":"\u0424\u0440\u0443\u043a\u0442\u044b"},"content":{"rendered":"\t\t<div data-elementor-type=\"wp-page\" data-elementor-id=\"21200\" class=\"elementor elementor-21200 elementor-8063\">\n\t\t\t\t\t\t<section class=\"elementor-section elementor-top-section elementor-element elementor-element-3a4c83a elementor-section-boxed elementor-section-height-default elementor-section-height-default\" data-id=\"3a4c83a\" data-element_type=\"section\">\n\t\t\t\t\t\t<div class=\"elementor-container elementor-column-gap-narrow\">\n\t\t\t\t\t<div class=\"elementor-column elementor-col-20 elementor-top-column elementor-element elementor-element-bbcd98c\" data-id=\"bbcd98c\" data-element_type=\"column\">\n\t\t\t<div class=\"elementor-widget-wrap elementor-element-populated\">\n\t\t\t\t\t\t<div class=\"elementor-element elementor-element-8dd7b7d elementor-image-alignment-mobile-left elementor-position-top elementor-widget elementor-widget-image-box\" data-id=\"8dd7b7d\" data-element_type=\"widget\" data-widget_type=\"image-box.default\">\n\t\t\t\t<div class=\"elementor-widget-container\">\n\t\t\t<style>.elementor-widget-image-box .elementor-image-box-content{width:100%}@media (min-width:768px){.elementor-widget-image-box.elementor-position-left .elementor-image-box-wrapper,.elementor-widget-image-box.elementor-position-right .elementor-image-box-wrapper{display:flex}.elementor-widget-image-box.elementor-position-right .elementor-image-box-wrapper{text-align:end;flex-direction:row-reverse}.elementor-widget-image-box.elementor-position-left .elementor-image-box-wrapper{text-align:start;flex-direction:row}.elementor-widget-image-box.elementor-position-top .elementor-image-box-img{margin:auto}.elementor-widget-image-box.elementor-vertical-align-top .elementor-image-box-wrapper{align-items:flex-start}.elementor-widget-image-box.elementor-vertical-align-middle .elementor-image-box-wrapper{align-items:center}.elementor-widget-image-box.elementor-vertical-align-bottom .elementor-image-box-wrapper{align-items:flex-end}}@media (max-width:767px){.elementor-widget-image-box .elementor-image-box-img{margin-left:auto!important;margin-right:auto!important;margin-bottom:15px}}.elementor-widget-image-box .elementor-image-box-img{display:inline-block}.elementor-widget-image-box .elementor-image-box-title a{color:inherit}.elementor-widget-image-box .elementor-image-box-wrapper{text-align:center}.elementor-widget-image-box .elementor-image-box-description{margin:0}<\/style><div class=\"elementor-image-box-wrapper\"><figure class=\"elementor-image-box-img\"><a href=\"\/mere\/\" fruits=\"\" tabindex=\"-1\"><img fetchpriority=\"high\" decoding=\"async\" width=\"500\" height=\"356\" src=\"https:\/\/proinedit.com\/wp-content\/uploads\/2022\/03\/mere-categorie.jpg\" class=\"attachment-full size-full wp-image-19666\" alt=\"\" srcset=\"https:\/\/proinedit.com\/wp-content\/uploads\/2022\/03\/mere-categorie.jpg 500w, https:\/\/proinedit.com\/wp-content\/uploads\/2022\/03\/mere-categorie-300x214.jpg 300w\" sizes=\"(max-width: 500px) 100vw, 500px\" \/><\/a><\/figure><div class=\"elementor-image-box-content\"><h5 class=\"elementor-image-box-title\"><a href=\"\/mere\/\" fruits=\"\">\u042f\u0431\u043b\u043e\u043a\u0438 <\/a><\/h5><\/div><\/div>\t\t<\/div>\n\t\t\t\t<\/div>\n\t\t\t\t\t<\/div>\n\t\t<\/div>\n\t\t\t\t<div class=\"elementor-column elementor-col-20 elementor-top-column elementor-element elementor-element-60a8b1c\" data-id=\"60a8b1c\" data-element_type=\"column\">\n\t\t\t<div class=\"elementor-widget-wrap elementor-element-populated\">\n\t\t\t\t\t\t<div class=\"elementor-element elementor-element-5ec76d8 elementor-image-alignment-mobile-left elementor-position-top elementor-widget elementor-widget-image-box\" data-id=\"5ec76d8\" data-element_type=\"widget\" data-widget_type=\"image-box.default\">\n\t\t\t\t<div class=\"elementor-widget-container\">\n\t\t\t<div class=\"elementor-image-box-wrapper\"><figure class=\"elementor-image-box-img\"><a href=\"\/ru\/\u0432\u0438\u043d\u043e\u0433\u0440\u0430\u0434\/\" tabindex=\"-1\"><img decoding=\"async\" width=\"500\" height=\"356\" src=\"https:\/\/proinedit.com\/wp-content\/uploads\/2022\/02\/struguri-fructe.jpg\" class=\"attachment-full size-full wp-image-19321\" alt=\"\" srcset=\"https:\/\/proinedit.com\/wp-content\/uploads\/2022\/02\/struguri-fructe.jpg 500w, https:\/\/proinedit.com\/wp-content\/uploads\/2022\/02\/struguri-fructe-300x214.jpg 300w\" sizes=\"(max-width: 500px) 100vw, 500px\" \/><\/a><\/figure><div class=\"elementor-image-box-content\"><h5 class=\"elementor-image-box-title\"><a href=\"\/ru\/\u0432\u0438\u043d\u043e\u0433\u0440\u0430\u0434\/\">\u0412\u0438\u043d\u043e\u0433\u0440\u0430\u0434<\/a><\/h5><\/div><\/div>\t\t<\/div>\n\t\t\t\t<\/div>\n\t\t\t\t\t<\/div>\n\t\t<\/div>\n\t\t\t\t<div class=\"elementor-column elementor-col-20 elementor-top-column elementor-element elementor-element-02bc39b\" data-id=\"02bc39b\" data-element_type=\"column\">\n\t\t\t<div class=\"elementor-widget-wrap elementor-element-populated\">\n\t\t\t\t\t\t<div class=\"elementor-element elementor-element-3aa5248 elementor-image-alignment-mobile-left elementor-position-top elementor-widget elementor-widget-image-box\" data-id=\"3aa5248\" data-element_type=\"widget\" data-widget_type=\"image-box.default\">\n\t\t\t\t<div class=\"elementor-widget-container\">\n\t\t\t<div class=\"elementor-image-box-wrapper\"><figure class=\"elementor-image-box-img\"><a href=\"\/ru\/\u0441\u043b\u0438\u0432\u044b\/\" tabindex=\"-1\"><img decoding=\"async\" width=\"500\" height=\"356\" src=\"https:\/\/proinedit.com\/wp-content\/uploads\/2022\/02\/prune-fructe.jpg\" class=\"attachment-full size-full wp-image-19322\" alt=\"\" srcset=\"https:\/\/proinedit.com\/wp-content\/uploads\/2022\/02\/prune-fructe.jpg 500w, https:\/\/proinedit.com\/wp-content\/uploads\/2022\/02\/prune-fructe-300x214.jpg 300w\" sizes=\"(max-width: 500px) 100vw, 500px\" \/><\/a><\/figure><div class=\"elementor-image-box-content\"><h5 class=\"elementor-image-box-title\"><a href=\"\/ru\/\u0441\u043b\u0438\u0432\u044b\/\">\u0421\u043b\u0438\u0432\u0430<\/a><\/h5><\/div><\/div>\t\t<\/div>\n\t\t\t\t<\/div>\n\t\t\t\t\t<\/div>\n\t\t<\/div>\n\t\t\t\t<div class=\"elementor-column elementor-col-20 elementor-top-column elementor-element elementor-element-3e7f5ad\" data-id=\"3e7f5ad\" data-element_type=\"column\">\n\t\t\t<div class=\"elementor-widget-wrap elementor-element-populated\">\n\t\t\t\t\t\t<div class=\"elementor-element elementor-element-61b94e4 elementor-image-alignment-mobile-left elementor-position-top elementor-widget elementor-widget-image-box\" data-id=\"61b94e4\" data-element_type=\"widget\" data-widget_type=\"image-box.default\">\n\t\t\t\t<div class=\"elementor-widget-container\">\n\t\t\t<div class=\"elementor-image-box-wrapper\"><figure class=\"elementor-image-box-img\"><a href=\"\/ru\/portfolio\/\u0447\u0435\u0440\u0435\u0448\u043d\u044f\/\" tabindex=\"-1\"><img loading=\"lazy\" decoding=\"async\" width=\"500\" height=\"356\" src=\"https:\/\/proinedit.com\/wp-content\/uploads\/2022\/03\/cirese-categorie.jpg\" class=\"attachment-full size-full wp-image-19667\" alt=\"\" srcset=\"https:\/\/proinedit.com\/wp-content\/uploads\/2022\/03\/cirese-categorie.jpg 500w, https:\/\/proinedit.com\/wp-content\/uploads\/2022\/03\/cirese-categorie-300x214.jpg 300w\" sizes=\"(max-width: 500px) 100vw, 500px\" \/><\/a><\/figure><div class=\"elementor-image-box-content\"><h5 class=\"elementor-image-box-title\"><a href=\"\/ru\/portfolio\/\u0447\u0435\u0440\u0435\u0448\u043d\u044f\/\">\u0427\u0435\u0440\u0435\u0448\u043d\u044f<\/a><\/h5><\/div><\/div>\t\t<\/div>\n\t\t\t\t<\/div>\n\t\t\t\t\t<\/div>\n\t\t<\/div>\n\t\t\t\t<div class=\"elementor-column elementor-col-20 elementor-top-column elementor-element elementor-element-9b5f7f1\" data-id=\"9b5f7f1\" data-element_type=\"column\">\n\t\t\t<div class=\"elementor-widget-wrap elementor-element-populated\">\n\t\t\t\t\t\t<div class=\"elementor-element elementor-element-a799e7c elementor-image-alignment-mobile-left elementor-position-top elementor-widget elementor-widget-image-box\" data-id=\"a799e7c\" data-element_type=\"widget\" data-widget_type=\"image-box.default\">\n\t\t\t\t<div class=\"elementor-widget-container\">\n\t\t\t<div class=\"elementor-image-box-wrapper\"><figure class=\"elementor-image-box-img\"><a href=\"https:\/\/proinedit.com\/ru\/\u0441\u0443\u0445\u043e\u0444\u0440\u0443\u043a\u0442\u044b\/\" tabindex=\"-1\"><img loading=\"lazy\" decoding=\"async\" width=\"500\" height=\"356\" src=\"https:\/\/proinedit.com\/wp-content\/uploads\/2022\/03\/fructe-uscate.jpg\" class=\"attachment-full size-full wp-image-21074\" alt=\"\" srcset=\"https:\/\/proinedit.com\/wp-content\/uploads\/2022\/03\/fructe-uscate.jpg 500w, https:\/\/proinedit.com\/wp-content\/uploads\/2022\/03\/fructe-uscate-300x214.jpg 300w\" sizes=\"(max-width: 500px) 100vw, 500px\" \/><\/a><\/figure><div class=\"elementor-image-box-content\"><h5 class=\"elementor-image-box-title\"><a href=\"https:\/\/proinedit.com\/ru\/\u0441\u0443\u0445\u043e\u0444\u0440\u0443\u043a\u0442\u044b\/\">\u0421\u0443\u0445\u043e\u0444\u0440\u0443\u043a\u0442\u044b<\/a><\/h5><\/div><\/div>\t\t<\/div>\n\t\t\t\t<\/div>\n\t\t\t\t\t<\/div>\n\t\t<\/div>\n\t\t\t\t\t<\/div>\n\t\t<\/section>\n\t\t\t\t<section class=\"elementor-section elementor-top-section elementor-element elementor-element-314dc8dd elementor-section-stretched parallax elementor-section-boxed elementor-section-height-default elementor-section-height-default\" data-id=\"314dc8dd\" data-element_type=\"section\" data-settings=\"{&quot;stretch_section&quot;:&quot;section-stretched&quot;,&quot;background_background&quot;:&quot;classic&quot;,&quot;animation&quot;:&quot;none&quot;}\">\n\t\t\t\t\t\t<div class=\"elementor-container elementor-column-gap-default\">\n\t\t\t\t\t<div class=\"elementor-column elementor-col-100 elementor-top-column elementor-element elementor-element-5ae54c98\" data-id=\"5ae54c98\" data-element_type=\"column\" data-settings=\"{&quot;animation&quot;:&quot;none&quot;}\">\n\t\t\t<div class=\"elementor-widget-wrap elementor-element-populated\">\n\t\t\t\t\t\t<div class=\"elementor-element elementor-element-f277102 elementor-widget elementor-widget-agrarium_heading\" data-id=\"f277102\" data-element_type=\"widget\" data-settings=\"{&quot;_animation&quot;:&quot;none&quot;}\" data-widget_type=\"agrarium_heading.default\">\n\t\t\t\t<div class=\"elementor-widget-container\">\n\t\t\t<div class=\"agrarium-heading-widget\"><h2 class=\"agrarium-heading\"><span class=\"agrarium-subheading\">Feedback<\/span><span class=\"agrarium-heading-content\">\u0427\u0442\u043e \u043a\u043b\u0438\u0435\u043d\u0442\u044b \u0433\u043e\u0432\u043e\u0440\u044f\u0442 \u043e \u043d\u0430\u0441<\/span><\/h2><\/div>\t\t<\/div>\n\t\t\t\t<\/div>\n\t\t\t\t<div class=\"elementor-element elementor-element-8aa2d5a elementor-widget elementor-widget-agrarium_testimonial_carousel\" data-id=\"8aa2d5a\" data-element_type=\"widget\" data-settings=\"{&quot;_animation&quot;:&quot;none&quot;,&quot;_animation_delay&quot;:100}\" data-widget_type=\"agrarium_testimonial_carousel.default\">\n\t\t\t\t<div class=\"elementor-widget-container\">\n\t\t\t\n        <div class=\"agrarium-testimonial-carousel-widget\">\n            <div class=\"testimonial-carousel-wrapper\">\n\n                <div class=\"testimonials-slider-container\">\n                    <div class=\"testimonials-slider owl-carousel owl-theme\" data-slider-options=\"{&quot;items&quot;:1,&quot;autoplayHoverPause&quot;:true,&quot;autoplay&quot;:false,&quot;autoplaySpeed&quot;:300,&quot;autoplayTimeout&quot;:5000,&quot;loop&quot;:true,&quot;speed&quot;:500,&quot;dotsContainer&quot;:&quot;.owl-dots-8aa2d5a&quot;}\">\n                        <div class=\"testimonial-item slider-item\"><div class=\"author-container\"><div class=\"testimonial-photo\"><img decoding=\"async\" src=\"https:\/\/proinedit.com\/wp-content\/uploads\/2022\/03\/ppolo.jpg\" alt=\"\"><\/div><\/div><div class=\"testimonial-wrapper\"><div class=\"testimonial\"><p>We have worked with PRO Inedit Company for 3 years. Tax and customs Framework is similar to the EU one. Throughout our grape export experience, we have not encountered any problems.<\/p><\/div><div class=\"author-info\"><div class=\"author-name\">Emilia Crane<\/div>,&nbsp;<div class=\"author-position\">Polonia<\/div><\/div><\/div><\/div><div class=\"testimonial-item slider-item\"><div class=\"author-container\"><div class=\"testimonial-photo\"><img decoding=\"async\" src=\"https:\/\/proinedit.com\/wp-content\/uploads\/2022\/03\/rom.jpg\" alt=\"\"><\/div><\/div><div class=\"testimonial-wrapper\"><div class=\"testimonial\"><p>Colabor\u0103m cu compania Pro Inedit de 5 ani, \u00eentotdeauna am r\u0103mas pl\u0103cut surprins de calitatea merelor \u0219i pre\u021bul bun. Putem recomanda cu \u00eencredere!<\/p><\/div><div class=\"author-info\"><div class=\"author-name\">Ion Stanciu<\/div>,&nbsp;<div class=\"author-position\">Rom\u00e2nia<\/div><\/div><\/div><\/div><div class=\"testimonial-item slider-item\"><div class=\"author-container\"><div class=\"testimonial-photo\"><img decoding=\"async\" src=\"https:\/\/proinedit.com\/wp-content\/uploads\/2022\/03\/IMG_2712.jpg\" alt=\"\"><\/div><\/div><div class=\"testimonial-wrapper\"><div class=\"testimonial\"><p>\u041f\u043e\u043a\u0443\u043f\u0430\u0435\u043c \u044f\u0431\u043b\u043e\u043a\u0438 \u0443 Pro Inedit SRL \u0441 2014 \u0433\u043e\u0434\u0430. \u041c\u043e\u0433\u0443 \u0441\u043a\u0430\u0437\u0430\u0442\u044c \u0447\u0442\u043e \u0437\u0430 \u043e\u0434\u0438\u043d \u0433\u043e\u0434 \u043e\u043d\u0438 \u0441\u0442\u0430\u043b\u0438 \u0435\u0434\u0438\u043d\u0441\u0442\u0432\u0435\u043d\u043d\u044b\u043c \u043d\u0430\u0448\u0438\u043c \u043f\u043e\u0441\u0442\u0430\u0432\u0449\u0438\u043a\u043e\u043c \u044f\u0431\u043b\u043e\u043a, \u0442\u0430\u043a \u043a\u0430\u043a \u0432\u0441\u0435\u0433\u0434\u0430 \u0432 \u0430\u0441\u0441\u043e\u0440\u0442\u0438\u043c\u0435\u043d\u0442\u0435 \u0435\u0441\u0442\u044c \u043a\u0430\u0447\u0435\u0441\u0442\u0432\u0435\u043d\u043d\u044b\u0439 \u0442\u043e\u0432\u0430\u0440.<\/p><\/div><div class=\"author-info\"><div class=\"author-name\">Ainaguli Akimjzanova<\/div>,&nbsp;<div class=\"author-position\">Kazakhstan<\/div><\/div><\/div><\/div>                    <\/div>\n                <\/div>\n                <div class=\"owl-dots owl-dots-8aa2d5a\"><\/div>            <\/div>\n        <\/div>\n\n        \t\t<\/div>\n\t\t\t\t<\/div>\n\t\t\t\t\t<\/div>\n\t\t<\/div>\n\t\t\t\t\t<\/div>\n\t\t<\/section>\n\t\t\t\t<section class=\"elementor-section elementor-top-section elementor-element elementor-element-55c65ef8 elementor-section-boxed elementor-section-height-default elementor-section-height-default\" data-id=\"55c65ef8\" data-element_type=\"section\">\n\t\t\t\t\t\t<div class=\"elementor-container elementor-column-gap-default\">\n\t\t\t\t\t<div class=\"elementor-column elementor-col-100 elementor-top-column elementor-element elementor-element-13d921a1\" data-id=\"13d921a1\" data-element_type=\"column\">\n\t\t\t<div class=\"elementor-widget-wrap elementor-element-populated\">\n\t\t\t\t\t\t<div class=\"elementor-element elementor-element-4b157e76 elementor-widget elementor-widget-agrarium_heading\" data-id=\"4b157e76\" data-element_type=\"widget\" data-widget_type=\"agrarium_heading.default\">\n\t\t\t\t<div class=\"elementor-widget-container\">\n\t\t\t<div class=\"agrarium-heading-widget\"><h3 class=\"agrarium-heading\"><span class=\"agrarium-subheading\">\u041f\u0430\u0440\u0442\u043d\u0435\u0440\u044b \u0438 \u043a\u043b\u0438\u0435\u043d\u0442\u044b<\/span><span class=\"agrarium-heading-content\">\u041a\u0442\u043e \u043d\u0430\u043c \u0434\u043e\u0432\u0435\u0440\u044f\u0435\u0442<\/span><\/h3><\/div>\t\t<\/div>\n\t\t\t\t<\/div>\n\t\t\t\t\t<\/div>\n\t\t<\/div>\n\t\t\t\t\t<\/div>\n\t\t<\/section>\n\t\t\t\t<section class=\"elementor-section elementor-top-section elementor-element elementor-element-212098c elementor-section-boxed elementor-section-height-default elementor-section-height-default\" data-id=\"212098c\" data-element_type=\"section\">\n\t\t\t\t\t\t<div class=\"elementor-container elementor-column-gap-default\">\n\t\t\t\t\t<div class=\"elementor-column elementor-col-100 elementor-top-column elementor-element elementor-element-164adf0\" data-id=\"164adf0\" data-element_type=\"column\">\n\t\t\t<div class=\"elementor-widget-wrap elementor-element-populated\">\n\t\t\t\t\t\t<section class=\"elementor-section elementor-inner-section elementor-element elementor-element-001c767 elementor-section-content-middle elementor-section-boxed elementor-section-height-default elementor-section-height-default\" data-id=\"001c767\" data-element_type=\"section\" data-settings=\"{&quot;background_background&quot;:&quot;classic&quot;}\">\n\t\t\t\t\t\t<div class=\"elementor-container elementor-column-gap-default\">\n\t\t\t\t\t<div class=\"elementor-column elementor-col-20 elementor-inner-column elementor-element elementor-element-6606a67\" data-id=\"6606a67\" data-element_type=\"column\">\n\t\t\t<div class=\"elementor-widget-wrap elementor-element-populated\">\n\t\t\t\t\t\t<div class=\"elementor-element elementor-element-c6cc0ce scroll-motion-no elementor-widget elementor-widget-image\" data-id=\"c6cc0ce\" data-element_type=\"widget\" data-widget_type=\"image.default\">\n\t\t\t\t<div class=\"elementor-widget-container\">\n\t\t\t<style>\/*! elementor - v3.22.0 - 17-06-2024 *\/\n.elementor-widget-image{text-align:center}.elementor-widget-image a{display:inline-block}.elementor-widget-image a img[src$=\".svg\"]{width:48px}.elementor-widget-image img{vertical-align:middle;display:inline-block}<\/style>\t\t\t\t\t\t\t\t\t\t<img loading=\"lazy\" decoding=\"async\" width=\"180\" height=\"73\" src=\"https:\/\/proinedit.com\/wp-content\/uploads\/2022\/03\/alquimia.png\" class=\"attachment-full size-full wp-image-19646\" alt=\"\" \/>\t\t\t\t\t\t\t\t\t\t\t\t\t<\/div>\n\t\t\t\t<\/div>\n\t\t\t\t\t<\/div>\n\t\t<\/div>\n\t\t\t\t<div class=\"elementor-column elementor-col-20 elementor-inner-column elementor-element elementor-element-9f1e767\" data-id=\"9f1e767\" data-element_type=\"column\">\n\t\t\t<div class=\"elementor-widget-wrap elementor-element-populated\">\n\t\t\t\t\t\t<div class=\"elementor-element elementor-element-28394f9 scroll-motion-no elementor-widget elementor-widget-image\" data-id=\"28394f9\" data-element_type=\"widget\" data-widget_type=\"image.default\">\n\t\t\t\t<div class=\"elementor-widget-container\">\n\t\t\t\t\t\t\t\t\t\t\t\t\t<img loading=\"lazy\" decoding=\"async\" width=\"1024\" height=\"316\" src=\"https:\/\/proinedit.com\/wp-content\/uploads\/2022\/03\/martico.jpg\" class=\"attachment-full size-full wp-image-19647\" alt=\"\" srcset=\"https:\/\/proinedit.com\/wp-content\/uploads\/2022\/03\/martico.jpg 1024w, https:\/\/proinedit.com\/wp-content\/uploads\/2022\/03\/martico-300x93.jpg 300w, https:\/\/proinedit.com\/wp-content\/uploads\/2022\/03\/martico-768x237.jpg 768w\" sizes=\"(max-width: 1024px) 100vw, 1024px\" \/>\t\t\t\t\t\t\t\t\t\t\t\t\t<\/div>\n\t\t\t\t<\/div>\n\t\t\t\t\t<\/div>\n\t\t<\/div>\n\t\t\t\t<div class=\"elementor-column elementor-col-20 elementor-inner-column elementor-element elementor-element-7fea8e1\" data-id=\"7fea8e1\" data-element_type=\"column\">\n\t\t\t<div class=\"elementor-widget-wrap elementor-element-populated\">\n\t\t\t\t\t\t<div class=\"elementor-element elementor-element-9069c90 scroll-motion-no elementor-widget elementor-widget-image\" data-id=\"9069c90\" data-element_type=\"widget\" data-widget_type=\"image.default\">\n\t\t\t\t<div class=\"elementor-widget-container\">\n\t\t\t\t\t\t\t\t\t\t\t\t\t<img loading=\"lazy\" decoding=\"async\" width=\"396\" height=\"125\" src=\"https:\/\/proinedit.com\/wp-content\/uploads\/2022\/03\/metro-logo.jpg\" class=\"attachment-full size-full wp-image-19679\" alt=\"\" srcset=\"https:\/\/proinedit.com\/wp-content\/uploads\/2022\/03\/metro-logo.jpg 396w, https:\/\/proinedit.com\/wp-content\/uploads\/2022\/03\/metro-logo-300x95.jpg 300w\" sizes=\"(max-width: 396px) 100vw, 396px\" \/>\t\t\t\t\t\t\t\t\t\t\t\t\t<\/div>\n\t\t\t\t<\/div>\n\t\t\t\t\t<\/div>\n\t\t<\/div>\n\t\t\t\t<div class=\"elementor-column elementor-col-20 elementor-inner-column elementor-element elementor-element-063474f\" data-id=\"063474f\" data-element_type=\"column\">\n\t\t\t<div class=\"elementor-widget-wrap elementor-element-populated\">\n\t\t\t\t\t\t<div class=\"elementor-element elementor-element-f7c6a88 scroll-motion-no elementor-widget elementor-widget-image\" data-id=\"f7c6a88\" data-element_type=\"widget\" data-widget_type=\"image.default\">\n\t\t\t\t<div class=\"elementor-widget-container\">\n\t\t\t\t\t\t\t\t\t\t\t\t\t<img loading=\"lazy\" decoding=\"async\" width=\"280\" height=\"87\" src=\"https:\/\/proinedit.com\/wp-content\/uploads\/2022\/03\/lenta.png\" class=\"attachment-full size-full wp-image-19649\" alt=\"\" \/>\t\t\t\t\t\t\t\t\t\t\t\t\t<\/div>\n\t\t\t\t<\/div>\n\t\t\t\t\t<\/div>\n\t\t<\/div>\n\t\t\t\t<div class=\"elementor-column elementor-col-20 elementor-inner-column elementor-element elementor-element-65af807\" data-id=\"65af807\" data-element_type=\"column\">\n\t\t\t<div class=\"elementor-widget-wrap elementor-element-populated\">\n\t\t\t\t\t\t<div class=\"elementor-element elementor-element-299bc66 scroll-motion-no elementor-widget elementor-widget-image\" data-id=\"299bc66\" data-element_type=\"widget\" data-widget_type=\"image.default\">\n\t\t\t\t<div class=\"elementor-widget-container\">\n\t\t\t\t\t\t\t\t\t\t\t\t\t<img loading=\"lazy\" decoding=\"async\" width=\"1024\" height=\"193\" src=\"https:\/\/proinedit.com\/wp-content\/uploads\/2022\/03\/magnit.png\" class=\"attachment-full size-full wp-image-19650\" alt=\"\" srcset=\"https:\/\/proinedit.com\/wp-content\/uploads\/2022\/03\/magnit.png 1024w, https:\/\/proinedit.com\/wp-content\/uploads\/2022\/03\/magnit-300x57.png 300w, https:\/\/proinedit.com\/wp-content\/uploads\/2022\/03\/magnit-768x145.png 768w\" sizes=\"(max-width: 1024px) 100vw, 1024px\" \/>\t\t\t\t\t\t\t\t\t\t\t\t\t<\/div>\n\t\t\t\t<\/div>\n\t\t\t\t\t<\/div>\n\t\t<\/div>\n\t\t\t\t\t<\/div>\n\t\t<\/section>\n\t\t\t\t\t<\/div>\n\t\t<\/div>\n\t\t\t\t\t<\/div>\n\t\t<\/section>\n\t\t\t\t<\/div>\n\t\t","protected":false},"excerpt":{"rendered":"<p>\u042f\u0431\u043b\u043e\u043a\u0438 \u0412\u0438\u043d\u043e\u0433\u0440\u0430\u0434 \u0421\u043b\u0438\u0432\u0430 \u0427\u0435\u0440\u0435\u0448\u043d\u044f \u0421\u0443\u0445\u043e\u0444\u0440\u0443\u043a\u0442\u044b<\/p>\n","protected":false},"author":1,"featured_media":0,"parent":0,"menu_order":0,"comment_status":"closed","ping_status":"closed","template":"","meta":{"_monsterinsights_skip_tracking":false,"_monsterinsights_sitenote_active":false,"_monsterinsights_sitenote_note":"","_monsterinsights_sitenote_category":0,"footnotes":""},"class_list":["post-21200","page","type-page","status-publish","hentry"],"aioseo_notices":[],"_links":{"self":[{"href":"https:\/\/proinedit.com\/ru\/wp-json\/wp\/v2\/pages\/21200","targetHints":{"allow":["GET"]}}],"collection":[{"href":"https:\/\/proinedit.com\/ru\/wp-json\/wp\/v2\/pages"}],"about":[{"href":"https:\/\/proinedit.com\/ru\/wp-json\/wp\/v2\/types\/page"}],"author":[{"embeddable":true,"href":"https:\/\/proinedit.com\/ru\/wp-json\/wp\/v2\/users\/1"}],"replies":[{"embeddable":true,"href":"https:\/\/proinedit.com\/ru\/wp-json\/wp\/v2\/comments?post=21200"}],"version-history":[{"count":15,"href":"https:\/\/proinedit.com\/ru\/wp-json\/wp\/v2\/pages\/21200\/revisions"}],"predecessor-version":[{"id":22105,"href":"https:\/\/proinedit.com\/ru\/wp-json\/wp\/v2\/pages\/21200\/revisions\/22105"}],"wp:attachment":[{"href":"https:\/\/proinedit.com\/ru\/wp-json\/wp\/v2\/media?parent=21200"}],"curies":[{"name":"wp","href":"https:\/\/api.w.org\/{rel}","templated":true}]}}