{"id":21308,"date":"2022-03-30T11:01:25","date_gmt":"2022-03-30T11:01:25","guid":{"rendered":"https:\/\/proinedit.com\/?page_id=21308"},"modified":"2022-04-17T20:10:05","modified_gmt":"2022-04-17T20:10:05","slug":"bobi","status":"publish","type":"page","link":"https:\/\/proinedit.com\/ru\/bobi\/","title":{"rendered":"\u0411\u043e\u0431\u044b"},"content":{"rendered":"\t\t<div data-elementor-type=\"wp-page\" data-elementor-id=\"21308\" class=\"elementor elementor-21308 elementor-19467\">\n\t\t\t\t\t\t<section class=\"elementor-section elementor-top-section elementor-element elementor-element-79b108a elementor-section-boxed elementor-section-height-default elementor-section-height-default\" data-id=\"79b108a\" data-element_type=\"section\">\n\t\t\t\t\t\t<div class=\"elementor-container elementor-column-gap-default\">\n\t\t\t\t\t<div class=\"elementor-column elementor-col-100 elementor-top-column elementor-element elementor-element-71709a7\" data-id=\"71709a7\" data-element_type=\"column\">\n\t\t\t<div class=\"elementor-widget-wrap elementor-element-populated\">\n\t\t\t\t\t\t<div class=\"elementor-element elementor-element-c0c9cf4 elementor-widget elementor-widget-text-editor\" data-id=\"c0c9cf4\" data-element_type=\"widget\" data-widget_type=\"text-editor.default\">\n\t\t\t\t<div class=\"elementor-widget-container\">\n\t\t\t<style>\/*! elementor - v3.22.0 - 17-06-2024 *\/\n.elementor-widget-text-editor.elementor-drop-cap-view-stacked .elementor-drop-cap{background-color:#69727d;color:#fff}.elementor-widget-text-editor.elementor-drop-cap-view-framed .elementor-drop-cap{color:#69727d;border:3px solid;background-color:transparent}.elementor-widget-text-editor:not(.elementor-drop-cap-view-default) .elementor-drop-cap{margin-top:8px}.elementor-widget-text-editor:not(.elementor-drop-cap-view-default) .elementor-drop-cap-letter{width:1em;height:1em}.elementor-widget-text-editor .elementor-drop-cap{float:left;text-align:center;line-height:1;font-size:50px}.elementor-widget-text-editor .elementor-drop-cap-letter{display:inline-block}<\/style>\t\t\t\t<h6 style=\"text-align: center;\">\n\u0411\u043e\u0431\u043e\u0432\u044b\u0435 \u043f\u0440\u043e\u0434\u0443\u043a\u0442\u044b \u043c\u044b \u043f\u043e\u0441\u0442\u0430\u0432\u043b\u044f\u0435\u043c \u0438\u0437 \u0426\u0435\u043d\u0442\u0440\u0430\u043b\u044c\u043d\u043e\u0439 \u0410\u0437\u0438\u0438( \u0423\u0437\u0431\u0435\u043a\u0438\u0441\u0442\u0430\u043d, \u0422\u0430\u0434\u0436\u0438\u043a\u0438\u0441\u0442\u0430\u043d), \u043d\u043e \u0438 \u0438\u0437 \u0434\u0440\u0443\u0433\u0438\u0445 \u0441\u0442\u0440\u0430\u043d \u043a\u0430\u043a \u0423\u043a\u0440\u0430\u0438\u043d\u0430 \u0438 \u041c\u043e\u043b\u0434\u043e\u0432\u0430.<\/h6>\t\t\t\t\t\t<\/div>\n\t\t\t\t<\/div>\n\t\t\t\t\t<\/div>\n\t\t<\/div>\n\t\t\t\t\t<\/div>\n\t\t<\/section>\n\t\t\t\t<section class=\"elementor-section elementor-top-section elementor-element elementor-element-0c00f5e elementor-section-boxed elementor-section-height-default elementor-section-height-default\" data-id=\"0c00f5e\" data-element_type=\"section\">\n\t\t\t\t\t\t<div class=\"elementor-container elementor-column-gap-extended\">\n\t\t\t\t\t<div class=\"elementor-column elementor-col-33 elementor-top-column elementor-element elementor-element-a79e192\" data-id=\"a79e192\" data-element_type=\"column\">\n\t\t\t<div class=\"elementor-widget-wrap elementor-element-populated\">\n\t\t\t\t\t\t<div class=\"elementor-element elementor-element-68521a4 elementor-image-alignment-mobile-left elementor-position-top elementor-widget elementor-widget-image-box\" data-id=\"68521a4\" data-element_type=\"widget\" data-widget_type=\"image-box.default\">\n\t\t\t\t<div class=\"elementor-widget-container\">\n\t\t\t<style>.elementor-widget-image-box .elementor-image-box-content{width:100%}@media (min-width:768px){.elementor-widget-image-box.elementor-position-left .elementor-image-box-wrapper,.elementor-widget-image-box.elementor-position-right .elementor-image-box-wrapper{display:flex}.elementor-widget-image-box.elementor-position-right .elementor-image-box-wrapper{text-align:end;flex-direction:row-reverse}.elementor-widget-image-box.elementor-position-left .elementor-image-box-wrapper{text-align:start;flex-direction:row}.elementor-widget-image-box.elementor-position-top .elementor-image-box-img{margin:auto}.elementor-widget-image-box.elementor-vertical-align-top .elementor-image-box-wrapper{align-items:flex-start}.elementor-widget-image-box.elementor-vertical-align-middle .elementor-image-box-wrapper{align-items:center}.elementor-widget-image-box.elementor-vertical-align-bottom .elementor-image-box-wrapper{align-items:flex-end}}@media (max-width:767px){.elementor-widget-image-box .elementor-image-box-img{margin-left:auto!important;margin-right:auto!important;margin-bottom:15px}}.elementor-widget-image-box .elementor-image-box-img{display:inline-block}.elementor-widget-image-box .elementor-image-box-title a{color:inherit}.elementor-widget-image-box .elementor-image-box-wrapper{text-align:center}.elementor-widget-image-box .elementor-image-box-description{margin:0}<\/style><div class=\"elementor-image-box-wrapper\"><figure class=\"elementor-image-box-img\"><img fetchpriority=\"high\" decoding=\"async\" width=\"600\" height=\"470\" src=\"https:\/\/proinedit.com\/wp-content\/uploads\/2022\/03\/butter-beans-sack-bag-white-background-600x470.jpg\" class=\"attachment-agrarium_post_grid_3_columns size-agrarium_post_grid_3_columns wp-image-19471\" alt=\"\" \/><\/figure><div class=\"elementor-image-box-content\"><h5 class=\"elementor-image-box-title\">\u0424\u0430\u0441\u043e\u043b\u044c<\/h5><\/div><\/div>\t\t<\/div>\n\t\t\t\t<\/div>\n\t\t\t\t\t<\/div>\n\t\t<\/div>\n\t\t\t\t<div class=\"elementor-column elementor-col-33 elementor-top-column elementor-element elementor-element-24482ae\" data-id=\"24482ae\" data-element_type=\"column\">\n\t\t\t<div class=\"elementor-widget-wrap elementor-element-populated\">\n\t\t\t\t\t\t<div class=\"elementor-element elementor-element-57ed871 elementor-image-alignment-mobile-left elementor-position-top elementor-widget elementor-widget-image-box\" data-id=\"57ed871\" data-element_type=\"widget\" data-widget_type=\"image-box.default\">\n\t\t\t\t<div class=\"elementor-widget-container\">\n\t\t\t<div class=\"elementor-image-box-wrapper\"><figure class=\"elementor-image-box-img\"><img decoding=\"async\" width=\"600\" height=\"470\" src=\"https:\/\/proinedit.com\/wp-content\/uploads\/2022\/03\/naut-copy-600x470.jpg\" class=\"attachment-agrarium_post_grid_3_columns size-agrarium_post_grid_3_columns wp-image-19472\" alt=\"\" \/><\/figure><div class=\"elementor-image-box-content\"><h5 class=\"elementor-image-box-title\">\u041d\u0443\u0442<\/h5><\/div><\/div>\t\t<\/div>\n\t\t\t\t<\/div>\n\t\t\t\t\t<\/div>\n\t\t<\/div>\n\t\t\t\t<div class=\"elementor-column elementor-col-33 elementor-top-column elementor-element elementor-element-a0636cf\" data-id=\"a0636cf\" data-element_type=\"column\">\n\t\t\t<div class=\"elementor-widget-wrap elementor-element-populated\">\n\t\t\t\t\t\t<div class=\"elementor-element elementor-element-fb90892 elementor-image-alignment-mobile-left elementor-position-top elementor-widget elementor-widget-image-box\" data-id=\"fb90892\" data-element_type=\"widget\" data-widget_type=\"image-box.default\">\n\t\t\t\t<div class=\"elementor-widget-container\">\n\t\t\t<div class=\"elementor-image-box-wrapper\"><figure class=\"elementor-image-box-img\"><img decoding=\"async\" width=\"600\" height=\"470\" src=\"https:\/\/proinedit.com\/wp-content\/uploads\/2022\/03\/mazare-1-600x470.jpg\" class=\"attachment-agrarium_post_grid_3_columns size-agrarium_post_grid_3_columns wp-image-19473\" alt=\"\" \/><\/figure><div class=\"elementor-image-box-content\"><h5 class=\"elementor-image-box-title\">\u0413\u043e\u0440\u043e\u0445<\/h5><\/div><\/div>\t\t<\/div>\n\t\t\t\t<\/div>\n\t\t\t\t\t<\/div>\n\t\t<\/div>\n\t\t\t\t\t<\/div>\n\t\t<\/section>\n\t\t\t\t<section class=\"elementor-section elementor-top-section elementor-element elementor-element-84c573b elementor-section-boxed elementor-section-height-default elementor-section-height-default\" data-id=\"84c573b\" data-element_type=\"section\">\n\t\t\t\t\t\t<div class=\"elementor-container elementor-column-gap-default\">\n\t\t\t\t\t<div class=\"elementor-column elementor-col-100 elementor-top-column elementor-element elementor-element-dfdf7d8\" data-id=\"dfdf7d8\" data-element_type=\"column\">\n\t\t\t<div class=\"elementor-widget-wrap elementor-element-populated\">\n\t\t\t\t\t\t<div class=\"elementor-element elementor-element-3eceb79 elementor-widget elementor-widget-text-editor\" data-id=\"3eceb79\" data-element_type=\"widget\" data-widget_type=\"text-editor.default\">\n\t\t\t\t<div class=\"elementor-widget-container\">\n\t\t\t\t\t\t\t<table class=\"table-produs\" width=\"100%\"><tbody><tr><td class=\"produs\" width=\"16%\">\u0422\u043e\u0432\u0430\u0440<\/td><td class=\"produs-luna\" width=\"7%\">\u042f\u043d\u0432<\/td><td class=\"produs-luna\" width=\"7%\">\u0424\u0435\u0432<\/td><td class=\"produs-luna\" width=\"7%\">\u041c\u0430\u0440<\/td><td class=\"produs-luna\" width=\"7%\">\u0410\u043f\u0440<\/td><td class=\"produs-luna\" width=\"7%\">\u041c\u0430\u0439<\/td><td class=\"produs-luna\" width=\"7%\">\u0418\u044e\u043d<\/td><td class=\"produs-luna\" width=\"7%\">\u0418\u044e\u043b<\/td><td class=\"produs-luna\" width=\"7%\">\u0410\u0432\u0433<\/td><td class=\"produs-luna\" width=\"7%\">\u0421\u0435\u043d<\/td><td class=\"produs-luna\" width=\"7%\">\u041e\u043a\u0442<\/td><td class=\"produs-luna\" width=\"7%\">\u041d\u043e\u044f<\/td><td class=\"produs-luna\" width=\"7%\">\u0414\u0435\u043a<\/td><\/tr><tr><td class=\"produs-titlu\" width=\"16%\">\u0424\u0430\u0441\u043e\u043b\u044c<\/td><td class=\"produs-check\" width=\"7%\">\u2713<\/td><td class=\"produs-check\" width=\"7%\">\u2713<\/td><td class=\"produs-check\" width=\"7%\">\u2713<\/td><td class=\"produs-check\" width=\"7%\">\u2713<\/td><td class=\"produs-check\" width=\"7%\">\u2713<\/td><td class=\"produs-check\" width=\"7%\">\u2713<\/td><td class=\"produs-check\" width=\"7%\">\u2713<\/td><td class=\"produs-check\" width=\"7%\">\u2713<\/td><td class=\"produs-check\" width=\"7%\">\u2713<\/td><td class=\"produs-check\" width=\"7%\">\u2713<\/td><td class=\"produs-check\" width=\"7%\">\u2713<\/td><td class=\"produs-check\" width=\"7%\">\u2713<\/td><\/tr><tr><td class=\"produs-titlu\" width=\"16%\">\u041d\u0443\u0442<\/td><td class=\"produs-check\" width=\"7%\">\u2713<\/td><td class=\"produs-check\" width=\"7%\">\u2713<\/td><td class=\"produs-check\" width=\"7%\">\u2713<\/td><td class=\"produs-check\" width=\"7%\">\u2713<\/td><td class=\"produs-check\" width=\"7%\">\u2713<\/td><td class=\"produs-check\" width=\"7%\">\u2713<\/td><td class=\"produs-check\" width=\"7%\">\u2713<\/td><td class=\"produs-check\" width=\"7%\">\u2713<\/td><td class=\"produs-check\" width=\"7%\">\u2713<\/td><td class=\"produs-check\" width=\"7%\">\u2713<\/td><td class=\"produs-check\" width=\"7%\">\u2713<\/td><td class=\"produs-check\" width=\"7%\">\u2713<\/td><\/tr><tr><td class=\"produs-titlu\" width=\"16%\">\u0413\u043e\u0440\u043e\u0445<\/td><td class=\"produs-check\" width=\"7%\">\u2713<\/td><td class=\"produs-check\" width=\"7%\">\u2713<\/td><td class=\"produs-check\" width=\"7%\">\u2713<\/td><td class=\"produs-check\" width=\"7%\">\u2713<\/td><td class=\"produs-check\" width=\"7%\">\u2713<\/td><td class=\"produs-check\" width=\"7%\">\u2713<\/td><td class=\"produs-check\" width=\"7%\">\u2713<\/td><td class=\"produs-check\" width=\"7%\">\u2713<\/td><td class=\"produs-check\" width=\"7%\">\u2713<\/td><td class=\"produs-check\" width=\"7%\">\u2713<\/td><td class=\"produs-check\" width=\"7%\">\u2713<\/td><td class=\"produs-check\" width=\"7%\">\u2713<\/td><\/tr><\/tbody><\/table>\t\t\t\t\t\t<\/div>\n\t\t\t\t<\/div>\n\t\t\t\t\t<\/div>\n\t\t<\/div>\n\t\t\t\t\t<\/div>\n\t\t<\/section>\n\t\t\t\t<section class=\"elementor-section elementor-top-section elementor-element elementor-element-1874d41 elementor-section-stretched parallax elementor-section-boxed elementor-section-height-default elementor-section-height-default\" data-id=\"1874d41\" data-element_type=\"section\" data-settings=\"{&quot;stretch_section&quot;:&quot;section-stretched&quot;,&quot;background_background&quot;:&quot;classic&quot;,&quot;animation&quot;:&quot;none&quot;}\">\n\t\t\t\t\t\t<div class=\"elementor-container elementor-column-gap-default\">\n\t\t\t\t\t<div class=\"elementor-column elementor-col-100 elementor-top-column elementor-element elementor-element-a380462\" data-id=\"a380462\" data-element_type=\"column\" data-settings=\"{&quot;animation&quot;:&quot;none&quot;}\">\n\t\t\t<div class=\"elementor-widget-wrap elementor-element-populated\">\n\t\t\t\t\t\t<div class=\"elementor-element elementor-element-236f213 elementor-widget elementor-widget-agrarium_heading\" data-id=\"236f213\" data-element_type=\"widget\" data-settings=\"{&quot;_animation&quot;:&quot;none&quot;}\" data-widget_type=\"agrarium_heading.default\">\n\t\t\t\t<div class=\"elementor-widget-container\">\n\t\t\t<div class=\"agrarium-heading-widget\"><h2 class=\"agrarium-heading\"><span class=\"agrarium-subheading\">Feedback<\/span><span class=\"agrarium-heading-content\">\u0427\u0442\u043e \u043a\u043b\u0438\u0435\u043d\u0442\u044b \u0433\u043e\u0432\u043e\u0440\u044f\u0442 \u043e \u043d\u0430\u0441<\/span><\/h2><\/div>\t\t<\/div>\n\t\t\t\t<\/div>\n\t\t\t\t<div class=\"elementor-element elementor-element-1d26d1f elementor-widget elementor-widget-agrarium_testimonial_carousel\" data-id=\"1d26d1f\" data-element_type=\"widget\" data-settings=\"{&quot;_animation&quot;:&quot;none&quot;,&quot;_animation_delay&quot;:100}\" data-widget_type=\"agrarium_testimonial_carousel.default\">\n\t\t\t\t<div class=\"elementor-widget-container\">\n\t\t\t\n        <div class=\"agrarium-testimonial-carousel-widget\">\n            <div class=\"testimonial-carousel-wrapper\">\n\n                <div class=\"testimonials-slider-container\">\n                    <div class=\"testimonials-slider owl-carousel owl-theme\" data-slider-options=\"{&quot;items&quot;:1,&quot;autoplayHoverPause&quot;:true,&quot;autoplay&quot;:false,&quot;autoplaySpeed&quot;:300,&quot;autoplayTimeout&quot;:5000,&quot;loop&quot;:true,&quot;speed&quot;:500,&quot;dotsContainer&quot;:&quot;.owl-dots-1d26d1f&quot;}\">\n                        <div class=\"testimonial-item slider-item\"><div class=\"author-container\"><div class=\"testimonial-photo\"><img decoding=\"async\" src=\"https:\/\/proinedit.com\/wp-content\/uploads\/2022\/03\/ppolo.jpg\" alt=\"\"><\/div><\/div><div class=\"testimonial-wrapper\"><div class=\"testimonial\"><p>We have worked with PRO Inedit Company for 3 years. Tax and customs Framework is similar to the EU one. Throughout our grape export experience, we have not encountered any problems.<\/p><\/div><div class=\"author-info\"><div class=\"author-name\">Emilia Crane<\/div>,&nbsp;<div class=\"author-position\">Polonia<\/div><\/div><\/div><\/div><div class=\"testimonial-item slider-item\"><div class=\"author-container\"><div class=\"testimonial-photo\"><img decoding=\"async\" src=\"https:\/\/proinedit.com\/wp-content\/uploads\/2022\/03\/rom.jpg\" alt=\"\"><\/div><\/div><div class=\"testimonial-wrapper\"><div class=\"testimonial\"><p>Colabor\u0103m cu compania Pro Inedit de 5 ani, \u00eentotdeauna am r\u0103mas pl\u0103cut surprins de calitatea merelor \u0219i pre\u021bul bun. Putem recomanda cu \u00eencredere!<\/p><\/div><div class=\"author-info\"><div class=\"author-name\">Ion Stanciu<\/div>,&nbsp;<div class=\"author-position\">Rom\u00e2nia<\/div><\/div><\/div><\/div><div class=\"testimonial-item slider-item\"><div class=\"author-container\"><div class=\"testimonial-photo\"><img decoding=\"async\" src=\"https:\/\/proinedit.com\/wp-content\/uploads\/2022\/03\/IMG_2712.jpg\" alt=\"\"><\/div><\/div><div class=\"testimonial-wrapper\"><div class=\"testimonial\"><p>\u041f\u043e\u043a\u0443\u043f\u0430\u0435\u043c \u044f\u0431\u043b\u043e\u043a\u0438 \u0443 Pro Inedit SRL \u0441 2014 \u0433\u043e\u0434\u0430. \u041c\u043e\u0433\u0443 \u0441\u043a\u0430\u0437\u0430\u0442\u044c \u0447\u0442\u043e \u0437\u0430 \u043e\u0434\u0438\u043d \u0433\u043e\u0434 \u043e\u043d\u0438 \u0441\u0442\u0430\u043b\u0438 \u0435\u0434\u0438\u043d\u0441\u0442\u0432\u0435\u043d\u043d\u044b\u043c \u043d\u0430\u0448\u0438\u043c \u043f\u043e\u0441\u0442\u0430\u0432\u0449\u0438\u043a\u043e\u043c \u044f\u0431\u043b\u043e\u043a, \u0442\u0430\u043a \u043a\u0430\u043a \u0432\u0441\u0435\u0433\u0434\u0430 \u0432 \u0430\u0441\u0441\u043e\u0440\u0442\u0438\u043c\u0435\u043d\u0442\u0435 \u0435\u0441\u0442\u044c \u043a\u0430\u0447\u0435\u0441\u0442\u0432\u0435\u043d\u043d\u044b\u0439 \u0442\u043e\u0432\u0430\u0440.<\/p><\/div><div class=\"author-info\"><div class=\"author-name\">Ainaguli Akimjzanova<\/div>,&nbsp;<div class=\"author-position\">Kazakhstan<\/div><\/div><\/div><\/div>                    <\/div>\n                <\/div>\n                <div class=\"owl-dots owl-dots-1d26d1f\"><\/div>            <\/div>\n        <\/div>\n\n        \t\t<\/div>\n\t\t\t\t<\/div>\n\t\t\t\t\t<\/div>\n\t\t<\/div>\n\t\t\t\t\t<\/div>\n\t\t<\/section>\n\t\t\t\t<section class=\"elementor-section elementor-top-section elementor-element elementor-element-bfe1fe7 elementor-section-boxed elementor-section-height-default elementor-section-height-default\" data-id=\"bfe1fe7\" data-element_type=\"section\">\n\t\t\t\t\t\t<div class=\"elementor-container elementor-column-gap-default\">\n\t\t\t\t\t<div class=\"elementor-column elementor-col-100 elementor-top-column elementor-element elementor-element-6cdd4a3\" data-id=\"6cdd4a3\" data-element_type=\"column\">\n\t\t\t<div class=\"elementor-widget-wrap elementor-element-populated\">\n\t\t\t\t\t\t<div class=\"elementor-element elementor-element-d4c46d7 elementor-widget elementor-widget-agrarium_heading\" data-id=\"d4c46d7\" data-element_type=\"widget\" data-widget_type=\"agrarium_heading.default\">\n\t\t\t\t<div class=\"elementor-widget-container\">\n\t\t\t<div class=\"agrarium-heading-widget\"><h3 class=\"agrarium-heading\"><span class=\"agrarium-subheading\">\u041f\u0430\u0440\u0442\u043d\u0435\u0440\u044b \u0438 \u043a\u043b\u0438\u0435\u043d\u0442\u044b<\/span><span class=\"agrarium-heading-content\">\u041a\u0442\u043e \u043d\u0430\u043c \u0434\u043e\u0432\u0435\u0440\u044f\u0435\u0442<\/span><\/h3><\/div>\t\t<\/div>\n\t\t\t\t<\/div>\n\t\t\t\t\t<\/div>\n\t\t<\/div>\n\t\t\t\t\t<\/div>\n\t\t<\/section>\n\t\t\t\t<section class=\"elementor-section elementor-top-section elementor-element elementor-element-a55f29e elementor-section-boxed elementor-section-height-default elementor-section-height-default\" data-id=\"a55f29e\" data-element_type=\"section\">\n\t\t\t\t\t\t<div class=\"elementor-container elementor-column-gap-default\">\n\t\t\t\t\t<div class=\"elementor-column elementor-col-100 elementor-top-column elementor-element elementor-element-4a41e9d\" data-id=\"4a41e9d\" data-element_type=\"column\">\n\t\t\t<div class=\"elementor-widget-wrap elementor-element-populated\">\n\t\t\t\t\t\t<section class=\"elementor-section elementor-inner-section elementor-element elementor-element-55319ae elementor-section-content-middle elementor-section-boxed elementor-section-height-default elementor-section-height-default\" data-id=\"55319ae\" data-element_type=\"section\" data-settings=\"{&quot;background_background&quot;:&quot;classic&quot;}\">\n\t\t\t\t\t\t<div class=\"elementor-container elementor-column-gap-default\">\n\t\t\t\t\t<div class=\"elementor-column elementor-col-20 elementor-inner-column elementor-element elementor-element-9ff80bf\" data-id=\"9ff80bf\" data-element_type=\"column\">\n\t\t\t<div class=\"elementor-widget-wrap elementor-element-populated\">\n\t\t\t\t\t\t<div class=\"elementor-element elementor-element-a4ba0f6 scroll-motion-no elementor-widget elementor-widget-image\" data-id=\"a4ba0f6\" data-element_type=\"widget\" data-widget_type=\"image.default\">\n\t\t\t\t<div class=\"elementor-widget-container\">\n\t\t\t<style>\/*! elementor - v3.22.0 - 17-06-2024 *\/\n.elementor-widget-image{text-align:center}.elementor-widget-image a{display:inline-block}.elementor-widget-image a img[src$=\".svg\"]{width:48px}.elementor-widget-image img{vertical-align:middle;display:inline-block}<\/style>\t\t\t\t\t\t\t\t\t\t<img loading=\"lazy\" decoding=\"async\" width=\"180\" height=\"73\" src=\"https:\/\/proinedit.com\/wp-content\/uploads\/2022\/03\/alquimia.png\" class=\"attachment-full size-full wp-image-19646\" alt=\"\" \/>\t\t\t\t\t\t\t\t\t\t\t\t\t<\/div>\n\t\t\t\t<\/div>\n\t\t\t\t\t<\/div>\n\t\t<\/div>\n\t\t\t\t<div class=\"elementor-column elementor-col-20 elementor-inner-column elementor-element elementor-element-1243540\" data-id=\"1243540\" data-element_type=\"column\">\n\t\t\t<div class=\"elementor-widget-wrap elementor-element-populated\">\n\t\t\t\t\t\t<div class=\"elementor-element elementor-element-b6c87d1 scroll-motion-no elementor-widget elementor-widget-image\" data-id=\"b6c87d1\" data-element_type=\"widget\" data-widget_type=\"image.default\">\n\t\t\t\t<div class=\"elementor-widget-container\">\n\t\t\t\t\t\t\t\t\t\t\t\t\t<img loading=\"lazy\" decoding=\"async\" width=\"1024\" height=\"316\" src=\"https:\/\/proinedit.com\/wp-content\/uploads\/2022\/03\/martico.jpg\" class=\"attachment-full size-full wp-image-19647\" alt=\"\" srcset=\"https:\/\/proinedit.com\/wp-content\/uploads\/2022\/03\/martico.jpg 1024w, https:\/\/proinedit.com\/wp-content\/uploads\/2022\/03\/martico-300x93.jpg 300w, https:\/\/proinedit.com\/wp-content\/uploads\/2022\/03\/martico-768x237.jpg 768w\" sizes=\"(max-width: 1024px) 100vw, 1024px\" \/>\t\t\t\t\t\t\t\t\t\t\t\t\t<\/div>\n\t\t\t\t<\/div>\n\t\t\t\t\t<\/div>\n\t\t<\/div>\n\t\t\t\t<div class=\"elementor-column elementor-col-20 elementor-inner-column elementor-element elementor-element-7015698\" data-id=\"7015698\" data-element_type=\"column\">\n\t\t\t<div class=\"elementor-widget-wrap elementor-element-populated\">\n\t\t\t\t\t\t<div class=\"elementor-element elementor-element-0e08332 scroll-motion-no elementor-widget elementor-widget-image\" data-id=\"0e08332\" data-element_type=\"widget\" data-widget_type=\"image.default\">\n\t\t\t\t<div class=\"elementor-widget-container\">\n\t\t\t\t\t\t\t\t\t\t\t\t\t<img loading=\"lazy\" decoding=\"async\" width=\"396\" height=\"125\" src=\"https:\/\/proinedit.com\/wp-content\/uploads\/2022\/03\/metro-logo.jpg\" class=\"attachment-full size-full wp-image-19679\" alt=\"\" srcset=\"https:\/\/proinedit.com\/wp-content\/uploads\/2022\/03\/metro-logo.jpg 396w, https:\/\/proinedit.com\/wp-content\/uploads\/2022\/03\/metro-logo-300x95.jpg 300w\" sizes=\"(max-width: 396px) 100vw, 396px\" \/>\t\t\t\t\t\t\t\t\t\t\t\t\t<\/div>\n\t\t\t\t<\/div>\n\t\t\t\t\t<\/div>\n\t\t<\/div>\n\t\t\t\t<div class=\"elementor-column elementor-col-20 elementor-inner-column elementor-element elementor-element-e28ad1b\" data-id=\"e28ad1b\" data-element_type=\"column\">\n\t\t\t<div class=\"elementor-widget-wrap elementor-element-populated\">\n\t\t\t\t\t\t<div class=\"elementor-element elementor-element-3c8b694 scroll-motion-no elementor-widget elementor-widget-image\" data-id=\"3c8b694\" data-element_type=\"widget\" data-widget_type=\"image.default\">\n\t\t\t\t<div class=\"elementor-widget-container\">\n\t\t\t\t\t\t\t\t\t\t\t\t\t<img loading=\"lazy\" decoding=\"async\" width=\"280\" height=\"87\" src=\"https:\/\/proinedit.com\/wp-content\/uploads\/2022\/03\/lenta.png\" class=\"attachment-full size-full wp-image-19649\" alt=\"\" \/>\t\t\t\t\t\t\t\t\t\t\t\t\t<\/div>\n\t\t\t\t<\/div>\n\t\t\t\t\t<\/div>\n\t\t<\/div>\n\t\t\t\t<div class=\"elementor-column elementor-col-20 elementor-inner-column elementor-element elementor-element-06d3c8f\" data-id=\"06d3c8f\" data-element_type=\"column\">\n\t\t\t<div class=\"elementor-widget-wrap elementor-element-populated\">\n\t\t\t\t\t\t<div class=\"elementor-element elementor-element-68a89f0 scroll-motion-no elementor-widget elementor-widget-image\" data-id=\"68a89f0\" data-element_type=\"widget\" data-widget_type=\"image.default\">\n\t\t\t\t<div class=\"elementor-widget-container\">\n\t\t\t\t\t\t\t\t\t\t\t\t\t<img loading=\"lazy\" decoding=\"async\" width=\"1024\" height=\"193\" src=\"https:\/\/proinedit.com\/wp-content\/uploads\/2022\/03\/magnit.png\" class=\"attachment-full size-full wp-image-19650\" alt=\"\" srcset=\"https:\/\/proinedit.com\/wp-content\/uploads\/2022\/03\/magnit.png 1024w, https:\/\/proinedit.com\/wp-content\/uploads\/2022\/03\/magnit-300x57.png 300w, https:\/\/proinedit.com\/wp-content\/uploads\/2022\/03\/magnit-768x145.png 768w\" sizes=\"(max-width: 1024px) 100vw, 1024px\" \/>\t\t\t\t\t\t\t\t\t\t\t\t\t<\/div>\n\t\t\t\t<\/div>\n\t\t\t\t\t<\/div>\n\t\t<\/div>\n\t\t\t\t\t<\/div>\n\t\t<\/section>\n\t\t\t\t\t<\/div>\n\t\t<\/div>\n\t\t\t\t\t<\/div>\n\t\t<\/section>\n\t\t\t\t<\/div>\n\t\t","protected":false},"excerpt":{"rendered":"<p>\u0411\u043e\u0431\u043e\u0432\u044b\u0435 \u043f\u0440\u043e\u0434\u0443\u043a\u0442\u044b \u043c\u044b \u043f\u043e\u0441\u0442\u0430\u0432\u043b\u044f\u0435\u043c \u0438\u0437 \u0426\u0435\u043d\u0442\u0440\u0430\u043b\u044c\u043d\u043e\u0439 \u0410\u0437\u0438\u0438( \u0423\u0437\u0431\u0435\u043a\u0438\u0441\u0442\u0430\u043d, \u0422\u0430\u0434\u0436\u0438\u043a\u0438\u0441\u0442\u0430\u043d), \u043d\u043e \u0438 \u0438\u0437 \u0434\u0440\u0443\u0433\u0438\u0445 \u0441\u0442\u0440\u0430\u043d \u043a\u0430\u043a \u0423\u043a\u0440\u0430\u0438\u043d\u0430 \u0438 \u041c\u043e\u043b\u0434\u043e\u0432\u0430. \u0424\u0430\u0441\u043e\u043b\u044c \u041d\u0443\u0442 \u0413\u043e\u0440\u043e\u0445 \u0422\u043e\u0432\u0430\u0440 \u042f\u043d\u0432 \u0424\u0435\u0432 \u041c\u0430\u0440 \u0410\u043f\u0440 \u041c\u0430\u0439 \u0418\u044e\u043d \u0418\u044e\u043b \u0410\u0432\u0433 \u0421\u0435\u043d \u041e\u043a\u0442 \u041d\u043e\u044f \u0414\u0435\u043a \u0424\u0430\u0441\u043e\u043b\u044c \u2713 \u2713 \u2713 \u2713 \u2713 \u2713&#8230;<\/p>\n","protected":false},"author":1,"featured_media":0,"parent":0,"menu_order":0,"comment_status":"closed","ping_status":"closed","template":"","meta":{"_monsterinsights_skip_tracking":false,"_monsterinsights_sitenote_active":false,"_monsterinsights_sitenote_note":"","_monsterinsights_sitenote_category":0,"footnotes":""},"class_list":["post-21308","page","type-page","status-publish","hentry"],"aioseo_notices":[],"_links":{"self":[{"href":"https:\/\/proinedit.com\/ru\/wp-json\/wp\/v2\/pages\/21308","targetHints":{"allow":["GET"]}}],"collection":[{"href":"https:\/\/proinedit.com\/ru\/wp-json\/wp\/v2\/pages"}],"about":[{"href":"https:\/\/proinedit.com\/ru\/wp-json\/wp\/v2\/types\/page"}],"author":[{"embeddable":true,"href":"https:\/\/proinedit.com\/ru\/wp-json\/wp\/v2\/users\/1"}],"replies":[{"embeddable":true,"href":"https:\/\/proinedit.com\/ru\/wp-json\/wp\/v2\/comments?post=21308"}],"version-history":[{"count":9,"href":"https:\/\/proinedit.com\/ru\/wp-json\/wp\/v2\/pages\/21308\/revisions"}],"predecessor-version":[{"id":22184,"href":"https:\/\/proinedit.com\/ru\/wp-json\/wp\/v2\/pages\/21308\/revisions\/22184"}],"wp:attachment":[{"href":"https:\/\/proinedit.com\/ru\/wp-json\/wp\/v2\/media?parent=21308"}],"curies":[{"name":"wp","href":"https:\/\/api.w.org\/{rel}","templated":true}]}}